{"id":117,"date":"2023-11-04T10:24:46","date_gmt":"2023-11-04T09:24:46","guid":{"rendered":"https:\/\/labullenomade.ch\/?page_id=117"},"modified":"2023-11-04T10:25:02","modified_gmt":"2023-11-04T09:25:02","slug":"les-massages-proposes","status":"publish","type":"page","link":"https:\/\/labullenomade.ch\/index.php\/les-massages-proposes\/","title":{"rendered":"Les massages propos\u00e9s"},"content":{"rendered":"\n<p>Je propose des massages \u00e0 l\u2019huile, aux bols chantants (habill\u00e9) ou aux pierres chaudes.<\/p>\n\n\n\n<p>Bien entendu, les trois se combinent\u2026. nous choisissons ensemble en fonction de votre envie\/besoin du moment.<\/p>\n\n\n\n<h2 class=\"wp-block-heading\">Massage \u00e0 l\u2019huile<\/h2>\n\n\n\n<p>Le bruit l\u00e9ger de mains qui vous massent, tout en douceur\u2026moment exquis\u2026 Accompagn\u00e9 d\u2019une musique de relaxation ou simplement du silence, vous appr\u00e9cierez un moment de d\u00e9tente avec le massage global.<\/p>\n\n\n\n<p><strong>Ayant suivi une formation solide afin de ma\u00eetriser les mouvements et la pression<\/strong>, je&nbsp;peux ainsi vous masser le dos, les jambes et\/ou pieds, la t\u00eate ou le ventre selon votre besoin. J\u2019alterne massage des tissus profonds, tissus superficiels ainsi que la technique des 5 \u00e9l\u00e9ments, qui permet par le biais de tapotements ou effleurements, d\u2019atteindre un \u00e9tat de relaxation profond.<\/p>\n\n\n\n<p>J\u2019utilise des huiles de massage simples (non m\u00e9lang\u00e9es). Je peux \u00e9galement y associer des huiles essentielles (selon votre tol\u00e9rance bien entendu) pour une plus grande efficacit\u00e9, surtout pour des zones douloureuses par exemple.<\/p>\n\n\n\n<h2 class=\"wp-block-heading\">Massage aux pierres&nbsp;chaudes<\/h2>\n\n\n\n<p>J\u2019ai suivi une formation en massage aux pierres chaudes et fraiches, qui permet de jouer sur l\u2019alternance frais\/chaud sur certaines zones afin d\u2019en accentuer les b\u00e9n\u00e9fices.<\/p>\n\n\n\n<p>Je propose le massage en totalit\u00e9 (1h30 environ) ou uniquement sur certaines zones (dos, jambes, visage\u2026) selon votre souhait.<\/p>\n\n\n\n<figure class=\"wp-block-image size-full\"><img decoding=\"async\" width=\"164\" height=\"218\" src=\"https:\/\/labullenomade.ch\/wp-content\/uploads\/2023\/11\/pierres-chaudes-1.jpg\" alt=\"\" class=\"wp-image-118\"\/><\/figure>\n\n\n\n<p><strong>Origine<\/strong><\/p>\n\n\n\n<p>Dans toutes les cultures, les pierres chaudes ont \u00e9t\u00e9 utilis\u00e9es pour d\u00e9contracter les muscles et soulager les tensions corporelles. On utilise des galets de basalte (pierre d\u2019origine volcanique) pour garder la chaleur.<\/p>\n\n\n\n<p>Les galets de basalte, pr\u00e9alablement chauff\u00e9s dans une eau entre 45\u00b0C et 60\u00b0 C, sont plac\u00e9s soit directement sur la peau ou sur une serviette. Dispos\u00e9s le long des m\u00e9ridiens d\u2019acupuncture ou sur les chakras, les galets aident \u00e0 se lib\u00e9rer du stress. Le corps se rel\u00e2che totalement et se d\u00e9barrasse de toutes douleurs musculaires et articulaires.<\/p>\n\n\n\n<p><strong>Utilisation des pierres<\/strong><\/p>\n\n\n\n<p>Les personnes qui n\u2019aiment pas &nbsp;les massages trop forts appr\u00e9cieront tout particuli\u00e8rement le massage aux pierres chaudes, car les pressions exerc\u00e9es par le (la) praticien(ne) pendant la s\u00e9ance varient de l\u00e9g\u00e8res \u00e0 moyennes.<\/p>\n\n\n\n<p>Les pierres sont utilis\u00e9es en placement sur des points strat\u00e9giques du corps, ou s\u2019utilisent directement en massage, comme le prolongement de la main du praticien.<\/p>\n\n\n\n<p>Les pierres de placement se posent sur le dos le long de la colonne vert\u00e9brale. Les pierres peuvent \u00eatre plac\u00e9es aussi dans les paumes des mains, sur l\u2019abdomen, sous la plante des pieds, entre les orteils, sous la nuque etc\u2026<\/p>\n\n\n\n<p>Pour finir, quelques mouvements d\u2019effleurage et de p\u00e9trissage sont r\u00e9alis\u00e9s sur les zones encore tendues.<\/p>\n\n\n\n<p><strong>Contre-indications<\/strong><\/p>\n\n\n\n<p>Il existe des contre-indications : probl\u00e8mes cardiaques, de circulation sanguine ou diab\u00e8te, les probl\u00e8mes veineux importants (varices par exemple) et les femmes enceintes. Dans ce cas, le praticien \u00e9valuera et adaptera le cas \u00e9ch\u00e9ant le massage.<\/p>\n\n\n\n<p>(Extrait de quintessencemassage.com)<\/p>\n","protected":false},"excerpt":{"rendered":"<p>Je propose des massages \u00e0 l\u2019huile, aux bols chantants (habill\u00e9) ou aux pierres chaudes. Bien entendu, les trois se combinent\u2026. nous choisissons ensemble en fonction de votre envie\/besoin du moment. Massage \u00e0 l\u2019huile Le bruit l\u00e9ger de mains qui vous massent, tout en douceur\u2026moment exquis\u2026 Accompagn\u00e9 d\u2019une musique de relaxation ou simplement du silence, vous&#8230;<\/p>\n","protected":false},"author":1,"featured_media":0,"parent":0,"menu_order":0,"comment_status":"closed","ping_status":"closed","template":"","meta":{"_kad_post_transparent":"","_kad_post_title":"","_kad_post_layout":"","_kad_post_sidebar_id":"","_kad_post_content_style":"","_kad_post_vertical_padding":"","_kad_post_feature":"","_kad_post_feature_position":"","_kad_post_header":false,"_kad_post_footer":false,"footnotes":""},"class_list":["post-117","page","type-page","status-publish","hentry"],"_links":{"self":[{"href":"https:\/\/labullenomade.ch\/index.php\/wp-json\/wp\/v2\/pages\/117","targetHints":{"allow":["GET"]}}],"collection":[{"href":"https:\/\/labullenomade.ch\/index.php\/wp-json\/wp\/v2\/pages"}],"about":[{"href":"https:\/\/labullenomade.ch\/index.php\/wp-json\/wp\/v2\/types\/page"}],"author":[{"embeddable":true,"href":"https:\/\/labullenomade.ch\/index.php\/wp-json\/wp\/v2\/users\/1"}],"replies":[{"embeddable":true,"href":"https:\/\/labullenomade.ch\/index.php\/wp-json\/wp\/v2\/comments?post=117"}],"version-history":[{"count":1,"href":"https:\/\/labullenomade.ch\/index.php\/wp-json\/wp\/v2\/pages\/117\/revisions"}],"predecessor-version":[{"id":119,"href":"https:\/\/labullenomade.ch\/index.php\/wp-json\/wp\/v2\/pages\/117\/revisions\/119"}],"wp:attachment":[{"href":"https:\/\/labullenomade.ch\/index.php\/wp-json\/wp\/v2\/media?parent=117"}],"curies":[{"name":"wp","href":"https:\/\/api.w.org\/{rel}","templated":true}]}}