{"id":136,"date":"2023-11-04T11:11:03","date_gmt":"2023-11-04T10:11:03","guid":{"rendered":"https:\/\/labullenomade.ch\/?page_id=136"},"modified":"2023-11-04T11:11:03","modified_gmt":"2023-11-04T10:11:03","slug":"le-tambour-medecine","status":"publish","type":"page","link":"https:\/\/labullenomade.ch\/index.php\/le-tambour-medecine\/","title":{"rendered":"Le tambour m\u00e9decine"},"content":{"rendered":"\n<figure class=\"wp-block-image size-full\"><img fetchpriority=\"high\" decoding=\"async\" width=\"743\" height=\"977\" src=\"https:\/\/labullenomade.ch\/wp-content\/uploads\/2023\/11\/tambour2.png\" alt=\"\" class=\"wp-image-137\" srcset=\"https:\/\/labullenomade.ch\/wp-content\/uploads\/2023\/11\/tambour2.png 743w, https:\/\/labullenomade.ch\/wp-content\/uploads\/2023\/11\/tambour2-228x300.png 228w\" sizes=\"(max-width: 743px) 100vw, 743px\" \/><\/figure>\n\n\n\n<p>Depuis quelques temps, un nouveau venu est venu compl\u00e9ter ma gamme d\u2019instruments\u2026\u2026<strong>le tambour m\u00e9decine<\/strong>, appel\u00e9 aussi tambour chamanique.<\/p>\n\n\n\n<p>Bien que ce terme fasse souvent peur ou soit associ\u00e9 \u00e0 diverses croyances, le tambour est en fait et avant tout un merveilleux outil pour se&nbsp;<strong>relier au monde qui nous entoure<\/strong>.<\/p>\n\n\n\n<p>\u00ab&nbsp;C\u2019est la m\u00e9decine la plus simple et la plus profonde: le battement du coeur de la Terre-M\u00e8re. La pulsation stable et simple du tambour \u00e9l\u00e8ve la conscience et stimule l\u2019\u00e9veil. Le son du tambour&nbsp;<strong>renforce le champ d\u2019\u00e9nergie autour du corps physique en nous emplissant de la force de vie<\/strong>. Il produit les m\u00eames effets b\u00e9n\u00e9fiques sur la nature comme sur le subtil.<\/p>\n\n\n\n<p>Les scientifiques \u00e9tudient aujourd\u2019hui les effets th\u00e9rapeutiques des techniques rythmiques ancestrales. Les derniers r\u00e9sultats indiquent que le tambour acc\u00e9l\u00e8re la gu\u00e9rison physique, stimule le syst\u00e8me immunitaire et produit un sentiment de bien-\u00eatre, une lib\u00e9ration des traumatismes \u00e9motionnels.\u00a0\u00bb (Au travers des mains).<\/p>\n\n\n\n<figure class=\"wp-block-image size-large\"><img decoding=\"async\" width=\"768\" height=\"1024\" src=\"https:\/\/labullenomade.ch\/wp-content\/uploads\/2023\/11\/thumbnail-768x1024.jpg\" alt=\"\" class=\"wp-image-138\" srcset=\"https:\/\/labullenomade.ch\/wp-content\/uploads\/2023\/11\/thumbnail-768x1024.jpg 768w, https:\/\/labullenomade.ch\/wp-content\/uploads\/2023\/11\/thumbnail-225x300.jpg 225w, https:\/\/labullenomade.ch\/wp-content\/uploads\/2023\/11\/thumbnail.jpg 810w\" sizes=\"(max-width: 768px) 100vw, 768px\" \/><\/figure>\n\n\n\n<p>\u00ab&nbsp;Consid\u00e9r\u00e9 comme le plus ancien instrument de l\u2019humanit\u00e9 et retrouv\u00e9 dans presque chaque culture, le tambour est en lien avec l\u2019histoire de l\u2019homme et de sa qu\u00eate avec le Sacr\u00e9. Le son du tambour permet d\u2019emprunter un voyage vers la profondeur de l\u2019\u00eatre, vers l\u2019essence de qui je suis.&nbsp;&nbsp;<strong>C\u2019est un travail de reliance, d\u2019interconnexion \u00e0 la nature, aux animaux, au monde, \u00e0 l\u2019univers<\/strong>. Se permettre d\u2019aller au-del\u00e0 du connu, vers plus grand soi, se rendre en tant que partie consciente vers une conscience du tout.<\/p>\n\n\n\n<p>La pratique du tambour peut s\u2019apparenter \u00e0 certaines pratiques comme l\u2019hypnose, la sophrologie ou le r\u00eave \u00e9veill\u00e9. Le voyage au son du tambour permet&nbsp;<strong>d\u2019accro\u00eetre nos perceptions, d\u2019amplifier notre intuition, de nous relier \u00e0 la nature et \u00e0 notre v\u00e9ritable nature.<\/strong>&nbsp;L\u2019ouverture &nbsp;permet parfois des prises de conscience sur nos sch\u00e9mas, croyances et limitations.. Les sciences modernes ont pu d\u00e9montrer que la fr\u00e9quence de certains sons, dont celui du tambour, permet aux deux h\u00e9misph\u00e8res c\u00e9r\u00e9braux d\u2019adopter le m\u00eame rythme, d\u2019\u00eatre en synergie, favorisant ainsi les \u00e9nergies de gu\u00e9rison. Les chamans d\u2019Amazonie expliquent que la gu\u00e9rison, \u201cla valeur th\u00e9rapeutique\u201d, intervient lorsque le moi fait \u201cpont\u201d avec le Soi, l\u00e0 o\u00f9 le monde du haut peut rencontrer le monde du bas\u2026&nbsp;\u00bb (extrait de Wakan Circle)<\/p>\n\n\n\n<p>\u00ab&nbsp;Le chamanisme est avant tout une mani\u00e8re de vivre en harmonie avec ce qui nous entoure, et ce avec quoi nous sommes en connexion. Une fois qu\u2019on a per\u00e7u cela, la vision du monde change. On r\u00e9alise que nous ne sommes pas au centre de tout,&nbsp;<strong>mais faisons partie d\u2019un ensemble, en \u00e9tant accompagn\u00e9s.<\/strong>&nbsp;Cela nous aide \u00e0 ne pas nous sentir seul, \u00e0 mieux reconna\u00eetre notre entourage, aussi bien les humains que les plantes ou les animaux. L\u2019id\u00e9e ici n\u2019est pas de croire, mais de faire des exp\u00e9riences. Cela ouvre les portes d\u2019un univers aux ressources illimit\u00e9es\u00bb Ulla Straessle<\/p>\n\n\n\n<h4 class=\"wp-block-heading\"><strong>Le tambour lors d\u2019un massage :<\/strong><\/h4>\n\n\n\n<p>Comme avec les bols, je demande \u00e0 la personne&nbsp;<strong>si elle souhaite b\u00e9n\u00e9ficier du tambour<\/strong>&nbsp;en d\u00e9but ou en fin de massage.<\/p>\n\n\n\n<p>J\u2019utilise le tambour comme moyen pour amener \u00e0 la personne ce dont elle a besoin pour avancer, et pour la soutenir dans ce qu\u2019elle vit. Chaque personne fait sa propre exp\u00e9rience.<\/p>\n\n\n\n<h4 class=\"wp-block-heading\">Le soin sp\u00e9cial \u00ab&nbsp;Reconnexion&nbsp;\u00bb dans la nature<\/h4>\n\n\n\n<p>Je propose un soin unique \u00e0 vivre dans la nature en for\u00eat. Gr\u00e2ce au tambour et son battement r\u00e9gulier, vous vivrez le moment qui vous convient \u00e0 l\u2019instant pr\u00e9sent : vous \u00e9couter, d\u00e9poser le \u00ab&nbsp;trop lourd&nbsp;\u00bb, danser, chanter, vibrer ou simplement \u00e9couter\u2026.. chacun est libre de le vivre comme il l\u2019entend.<\/p>\n\n\n\n<p>Le tambour agira comme un \u00ab&nbsp;karsher&nbsp;\u00bb pour un puissant nettoyage ainsi qu\u2019une reconnexion \u00e0 votre nature profonde. Il n\u2019est pas rare de ressentir des \u00e9motions, des visions, des pens\u00e9es particuli\u00e8res pour son chemin de vie lors d\u2019un soin au tambour.<\/p>\n\n\n\n<p>Dur\u00e9e environ 30\u2032<\/p>\n","protected":false},"excerpt":{"rendered":"<p>Depuis quelques temps, un nouveau venu est venu compl\u00e9ter ma gamme d\u2019instruments\u2026\u2026le tambour m\u00e9decine, appel\u00e9 aussi tambour chamanique. Bien que ce terme fasse souvent peur ou soit associ\u00e9 \u00e0 diverses croyances, le tambour est en fait et avant tout un merveilleux outil pour se&nbsp;relier au monde qui nous entoure. \u00ab&nbsp;C\u2019est la m\u00e9decine la plus simple&#8230;<\/p>\n","protected":false},"author":1,"featured_media":0,"parent":0,"menu_order":0,"comment_status":"closed","ping_status":"closed","template":"","meta":{"_kad_post_transparent":"","_kad_post_title":"","_kad_post_layout":"","_kad_post_sidebar_id":"","_kad_post_content_style":"","_kad_post_vertical_padding":"","_kad_post_feature":"","_kad_post_feature_position":"","_kad_post_header":false,"_kad_post_footer":false,"footnotes":""},"class_list":["post-136","page","type-page","status-publish","hentry"],"_links":{"self":[{"href":"https:\/\/labullenomade.ch\/index.php\/wp-json\/wp\/v2\/pages\/136","targetHints":{"allow":["GET"]}}],"collection":[{"href":"https:\/\/labullenomade.ch\/index.php\/wp-json\/wp\/v2\/pages"}],"about":[{"href":"https:\/\/labullenomade.ch\/index.php\/wp-json\/wp\/v2\/types\/page"}],"author":[{"embeddable":true,"href":"https:\/\/labullenomade.ch\/index.php\/wp-json\/wp\/v2\/users\/1"}],"replies":[{"embeddable":true,"href":"https:\/\/labullenomade.ch\/index.php\/wp-json\/wp\/v2\/comments?post=136"}],"version-history":[{"count":1,"href":"https:\/\/labullenomade.ch\/index.php\/wp-json\/wp\/v2\/pages\/136\/revisions"}],"predecessor-version":[{"id":139,"href":"https:\/\/labullenomade.ch\/index.php\/wp-json\/wp\/v2\/pages\/136\/revisions\/139"}],"wp:attachment":[{"href":"https:\/\/labullenomade.ch\/index.php\/wp-json\/wp\/v2\/media?parent=136"}],"curies":[{"name":"wp","href":"https:\/\/api.w.org\/{rel}","templated":true}]}}