{"id":148,"date":"2023-11-04T11:18:47","date_gmt":"2023-11-04T10:18:47","guid":{"rendered":"https:\/\/labullenomade.ch\/?page_id=148"},"modified":"2023-11-04T11:18:47","modified_gmt":"2023-11-04T10:18:47","slug":"idees-pour-les-entreprises","status":"publish","type":"page","link":"https:\/\/labullenomade.ch\/index.php\/idees-pour-les-entreprises\/","title":{"rendered":"Id\u00e9es pour les entreprises"},"content":{"rendered":"\n<p>Je me d\u00e9place volontiers au sein des entreprises pour vous proposer<\/p>\n\n\n\n<ul class=\"wp-block-list\">\n<li>Massages individualis\u00e9s pour les salari\u00e9s, r\u00e9guli\u00e8rement ou ponctuellement<\/li>\n\n\n\n<li>Animation lors d\u2019un teambuilding, pr\u00e9-souper de bo\u00eete, s\u00e9minaire\u2026<\/li>\n\n\n\n<li>Animation pour les enfants de salari\u00e9s lors d\u2019une journ\u00e9e<\/li>\n<\/ul>\n\n\n\n<p>Conditions d\u2019intervention sur demande, n\u2019h\u00e9sitez pas \u00e0 me contacter<\/p>\n","protected":false},"excerpt":{"rendered":"<p>Je me d\u00e9place volontiers au sein des entreprises pour vous proposer Conditions d\u2019intervention sur demande, n\u2019h\u00e9sitez pas \u00e0 me contacter<\/p>\n","protected":false},"author":1,"featured_media":0,"parent":0,"menu_order":0,"comment_status":"closed","ping_status":"closed","template":"","meta":{"_kad_post_transparent":"","_kad_post_title":"","_kad_post_layout":"","_kad_post_sidebar_id":"","_kad_post_content_style":"","_kad_post_vertical_padding":"","_kad_post_feature":"","_kad_post_feature_position":"","_kad_post_header":false,"_kad_post_footer":false,"footnotes":""},"class_list":["post-148","page","type-page","status-publish","hentry"],"_links":{"self":[{"href":"https:\/\/labullenomade.ch\/index.php\/wp-json\/wp\/v2\/pages\/148","targetHints":{"allow":["GET"]}}],"collection":[{"href":"https:\/\/labullenomade.ch\/index.php\/wp-json\/wp\/v2\/pages"}],"about":[{"href":"https:\/\/labullenomade.ch\/index.php\/wp-json\/wp\/v2\/types\/page"}],"author":[{"embeddable":true,"href":"https:\/\/labullenomade.ch\/index.php\/wp-json\/wp\/v2\/users\/1"}],"replies":[{"embeddable":true,"href":"https:\/\/labullenomade.ch\/index.php\/wp-json\/wp\/v2\/comments?post=148"}],"version-history":[{"count":1,"href":"https:\/\/labullenomade.ch\/index.php\/wp-json\/wp\/v2\/pages\/148\/revisions"}],"predecessor-version":[{"id":149,"href":"https:\/\/labullenomade.ch\/index.php\/wp-json\/wp\/v2\/pages\/148\/revisions\/149"}],"wp:attachment":[{"href":"https:\/\/labullenomade.ch\/index.php\/wp-json\/wp\/v2\/media?parent=148"}],"curies":[{"name":"wp","href":"https:\/\/api.w.org\/{rel}","templated":true}]}}