{"id":164,"date":"2024-04-26T17:59:59","date_gmt":"2024-04-26T15:59:59","guid":{"rendered":"https:\/\/labullenomade.ch\/?page_id=164"},"modified":"2024-04-26T17:59:59","modified_gmt":"2024-04-26T15:59:59","slug":"livre-dor","status":"publish","type":"page","link":"https:\/\/labullenomade.ch\/index.php\/livre-dor\/","title":{"rendered":"Livre d&rsquo;or"},"content":{"rendered":"<div class=\"gwolle-gb\"><div class=\"gwolle_gb_messages_top_container\"><\/div>\n\t\t\t<div class=\"gwolle-gb-write-button\">\n\t\t\t\t<input type=\"button\" name=\"gwolle-gb-write-button\" class=\"button btn btn-default \" value=\"\u00c9crire un nouveau message.\" \/>\n\t\t\t<\/div>\n\t\t\t<form action=\"#\" method=\"POST\" class=\"gwolle-gb-write gwolle-gb-hide gwolle-gb-float gwolle_gb_form_ajax gwolle-gb-form-ajax gwolle-gb-ajax gwolle-gb-not-logged-in\">\n\t\t\t\t<h3>\u00c9crivez un nouveau message dans le livre d\u2019or<\/h3>\n\t\t\t\t<button type=\"button\" class=\"gb-notice-dismiss\">x<span class=\"screen-reader-text\">Masquer ce formulaire.<\/span><\/button>\n\t\t\t\n\t\t\t\t<input type=\"hidden\" name=\"gwolle_gb_function\" class=\"gwolle_gb_function\" value=\"add_entry\" \/><input type=\"hidden\" name=\"gwolle_gb_book_id\" class=\"gwolle_gb_book_id\" value=\"1\" \/><div class=\"gwolle_gb_2f64955c11f56ba9d96c87d306db5265\">\n\t\t\t\t<div class=\"label\"><label for=\"gwolle_gb_2f64955c11f56ba9d96c87d306db5265\" class=\"text-info\">Nom <span class=\"required\">*<\/span><\/label><\/div>\n\t\t\t\t<div class=\"input\"><input class=\"wp-exclude-emoji gwolle_gb_2f64955c11f56ba9d96c87d306db5265\" value=\"\" type=\"text\" name=\"gwolle_gb_2f64955c11f56ba9d96c87d306db5265\" required \/><\/div>\n\t\t\t\t<div class=\"clearBoth\">&nbsp;<\/div>\n\t\t\t<\/div><div class=\"gwolle_gb_8e24482bde11acecb66ea87cc255786c\">\n\t\t\t\t\t<div class=\"label\"><label for=\"gwolle_gb_8e24482bde11acecb66ea87cc255786c\" class=\"text-info\">Ville<\/label><\/div>\n\t\t\t\t\t<div class=\"input\"><input class=\"wp-exclude-emoji gwolle_gb_8e24482bde11acecb66ea87cc255786c\" value=\"\" type=\"text\" name=\"gwolle_gb_8e24482bde11acecb66ea87cc255786c\" \/><\/div>\n\t\t\t\t\t<div class=\"clearBoth\">&nbsp;<\/div>\n\t\t\t\t<\/div><div class=\"gwolle_gb_84cbd1f1d5470210bf002821325205ed\">\n\t\t\t\t<div class=\"label\"><label for=\"gwolle_gb_84cbd1f1d5470210bf002821325205ed\" class=\"text-info\">E-mail <span class=\"required\">*<\/span><\/label><\/div>\n\t\t\t\t<div class=\"input\"><input class=\"gwolle_gb_84cbd1f1d5470210bf002821325205ed\" value=\"\" type=\"email\" name=\"gwolle_gb_84cbd1f1d5470210bf002821325205ed\" required \/><\/div>\n\t\t\t\t<div class=\"clearBoth\">&nbsp;<\/div>\n\t\t\t<\/div>\n\t\t\t<div class=\"gwolle_gb_8661f9b084c75008b942c8c2687e9f81\" style=\"display:none;overflow:hidden;\">\n\t\t\t\t<div class=\"label\">\n\t\t\t\t\t<label for=\"gwolle_gb_8661f9b084c75008b942c8c2687e9f81\" class=\"text-primary\">Ne touchez pas \u00e0 ceci<\/label>\n\t\t\t\t\t<label for=\"gwolle_gb_0a25971cfc48f1177742ec74053833ca\" class=\"text-primary\">Ne touchez pas \u00e0 ceci<\/label>\n\t\t\t\t<\/div>\n\t\t\t\t<div class=\"input\">\n\t\t\t\t\t<input value=\"64\" type=\"text\" name=\"gwolle_gb_8661f9b084c75008b942c8c2687e9f81\" class=\"gwolle_gb_8661f9b084c75008b942c8c2687e9f81\" style=\"transform: translateY(10000px);\" \/>\n\t\t\t\t\t<input value=\"\" type=\"text\" name=\"gwolle_gb_0a25971cfc48f1177742ec74053833ca\" class=\"gwolle_gb_0a25971cfc48f1177742ec74053833ca\" style=\"transform: translateY(10000px);\" \/>\n\t\t\t\t<\/div>\n\t\t\t\t<div class=\"clearBoth\"><\/div>\n\t\t\t<\/div>\n\t\t\t<div class=\"gwolle_gb_cd90e3d5cb602ddaa4137f8fedabfe8a\" style=\"display:none;overflow:hidden;\">\n\t\t\t\t<div class=\"label\">\n\t\t\t\t\t<label for=\"gwolle_gb_cd90e3d5cb602ddaa4137f8fedabfe8a\" class=\"text-primary\">Ne touchez pas \u00e0 ceci<\/label>\n\t\t\t\t\t<label for=\"gwolle_gb_cd4e848891c9ec9af272c51e66b672dd\" class=\"text-primary\">Ne touchez pas \u00e0 ceci<\/label>\n\t\t\t\t<\/div>\n\t\t\t\t<div class=\"input\">\n\t\t\t\t\t<input value=\"33290\" type=\"text\" name=\"gwolle_gb_cd90e3d5cb602ddaa4137f8fedabfe8a\" class=\"gwolle_gb_cd90e3d5cb602ddaa4137f8fedabfe8a\" style=\"transform: translateY(10000px);\" \/>\n\t\t\t\t\t<input value=\"33290\" type=\"text\" name=\"gwolle_gb_cd4e848891c9ec9af272c51e66b672dd\" class=\"gwolle_gb_cd4e848891c9ec9af272c51e66b672dd\" style=\"transform: translateY(10000px);\" \/>\n\t\t\t\t<\/div>\n\t\t\t\t<div class=\"clearBoth\"><\/div>\n\t\t\t<\/div><div class=\"gwolle_gb_content\">\n\t\t\t\t<div class=\"label\"><label for=\"gwolle_gb_content\" class=\"text-info\">Message du livre d\u2019or <span class=\"required\">*<\/span><\/label><\/div>\n\t\t\t\t<div class=\"input\"><textarea name=\"gwolle_gb_content\" class=\"gwolle_gb_content wp-exclude-emoji\" required ><\/textarea><\/div>\n\t\t\t\t\t<div class=\"clearBoth\">&nbsp;<\/div>\n\t\t\t\t<\/div><input type=\"hidden\" class=\"gwolle_gb_b1d7dcac71bb56761612b35afbc6bdc5\" name=\"gwolle_gb_b1d7dcac71bb56761612b35afbc6bdc5\" value=\"e90bc0ff91\" \/>\n\t\t\t<div class=\"gwolle_gb_messages_bottom_container\"><\/div>\n\n\t\t\t<noscript><div class=\"no-js\">Avertissement\u00a0: Ce formulaire ne peut \u00eatre utilis\u00e9 que si JavaScript est activ\u00e9 dans votre navigateur.<\/div><\/noscript>\n\n\t\t\t<div class=\"gwolle_gb_submit\">\n\t\t\t\t<div class=\"label gwolle-gb-invisible text-muted\">&nbsp;<\/div>\n\t\t\t\t<div class=\"input\">\n\t\t\t\t\t<input type=\"submit\" name=\"gwolle_gb_submit\" class=\"gwolle_gb_submit button btn btn-primary \" value=\"Envoyer\" \/>\n\t\t\t\t\t<span class=\"gwolle_gb_submit_ajax_icon\"><\/span>\n\t\t\t\n\t\t\t\t<\/div>\n\t\t\t\t<div class=\"clearBoth\">&nbsp;<\/div>\n\t\t\t<\/div>\n\n\t\t\t<div class=\"gwolle_gb_notice\">\n\t\t\t\tLes champs marqu\u00e9s avec un * sont obligatoires.<br \/>\r\nVotre adresse e-mail ne sera pas publi\u00e9e.<br \/>\r\nIl se pourrait que votre message n\u2019apparaisse dans le livre d\u2019or qu\u2019apr\u00e8s que nous l\u2019ayons v\u00e9rifi\u00e9.<br \/>\r\nNous nous r\u00e9servons le droit de modifier, de supprimer, ou de ne pas publier les messages.\n\t\t\t<\/div><\/form><div class=\"gwolle-gb-read gwolle-gb-ajax gwolle-gb-entries-list\" data-book_id=\"1\" data-page_id=\"1\">\n\t\t<div id=\"gwolle-gb-total\" class=\"gwolle-gb-total\">11 messages.<\/div><!-- Gwolle-GB Entry: Default Template Loaded -->\n\t\t\t\t<div class=\"gb-entry gb-entry_13 gb-entry-count_1 gwolle_gb_uneven gwolle-gb-uneven gwolle-gb-first\" data-entry_id=\"13\">\n\t\t\t\t<article>\n\t\t\t\t\t<div class=\"gb-author-info\">\n\t\t\t\t\t\t<span class=\"gb-author-avatar\"><img referrerpolicy=\"no-referrer\" alt='Laetitia' src='https:\/\/secure.gravatar.com\/avatar\/754ccb801ca18fa77c7dfda565eebbdd8119b0df8fc93da47f0ac44b6dd5bcf4?s=32&#038;d=mm&#038;r=g' srcset='https:\/\/secure.gravatar.com\/avatar\/754ccb801ca18fa77c7dfda565eebbdd8119b0df8fc93da47f0ac44b6dd5bcf4?s=64&#038;d=mm&#038;r=g 2x' class='avatar avatar-32 photo' height='32' width='32' \/><\/span>\n\t\t\t\t\t\t<span class=\"gb-author-name\">Laetitia\n\t\t\t\t\t\t<\/span>\n\t\t\t\t\t\t<span class=\"gb-author-origin\">\n\t\t\t\t\t\t\t<span class=\"gb-author-origin-from-text\"> de<\/span>\n\t\t\t\t\t\t\t<span class=\"gb-author-origin-text\"> Courtelary<\/span>\n\t\t\t\t\t\t<\/span>\n\t\t\t\t\t\t<span class=\"gb-datetime\">\n\t\t\t\t\t\t\t<span class=\"gb-date\"><span class=\"gb-date-wrote-text\"> a \u00e9crit le<\/span><span class=\"gb-date-text\"> 10\/05\/2024<\/span>\n\t\t\t\t\t\t\t<\/span><span class=\"gb-time\">\n\t\t\t\t\t\t\t\t\t<span class=\"gb-time-at-text\"> \u00e0<\/span>\n\t\t\t\t\t\t\t\t\t<span class=\"gb-time-text\"> 11h34<\/span>\n\t\t\t\t\t\t\t\t<\/span>\n\t\t\t\t\t\t<\/span> \n\t\t\t\t\t<\/div>\n\t\t\t\t\t<div class=\"gb-entry-content\">Les moments chez Florence sont des moments en or; on est vraiment dans une bulle de relaxation et de bien-\u00eatre. Que ce soit pour un moment \u00e0 soi avec un massage ou pour r\u00e9\u00e9quilibrer ses \u00e9nergies gr\u00e2ce aux bols, on ressort apais\u00e9 et zen. \u2728 On ressent l\u2019effet du soin plusieurs jours \/ semaines apr\u00e8s! Et quelle magie ces bols! Florence est tr\u00e8s \u00e0 l\u2019\u00e9coute, bienveillante et pleine de bons conseils. \ud83c\udf08 Je ne peux que recommander sa Bulle! \ud83e\udde1\n\t\t\t\t\t<\/div>\n\t\t\t\t<\/article>\n\t\t\t<\/div>\n\t\t\t<div class=\"gb-entry gb-entry_12 gb-entry-count_2 gwolle_gb_even gwolle-gb-even\" data-entry_id=\"12\">\n\t\t\t\t<article>\n\t\t\t\t\t<div class=\"gb-author-info\">\n\t\t\t\t\t\t<span class=\"gb-author-avatar\"><img referrerpolicy=\"no-referrer\" alt='M\u00e9lanie' src='https:\/\/secure.gravatar.com\/avatar\/c9d05403696f95e823305218cade2faa61a631c8c5a2cb0a67a25fefdfa9bcf1?s=32&#038;d=mm&#038;r=g' srcset='https:\/\/secure.gravatar.com\/avatar\/c9d05403696f95e823305218cade2faa61a631c8c5a2cb0a67a25fefdfa9bcf1?s=64&#038;d=mm&#038;r=g 2x' class='avatar avatar-32 photo' height='32' width='32' \/><\/span>\n\t\t\t\t\t\t<span class=\"gb-author-name\">M\u00e9lanie\n\t\t\t\t\t\t<\/span>\n\t\t\t\t\t\t<span class=\"gb-datetime\">\n\t\t\t\t\t\t\t<span class=\"gb-date\"><span class=\"gb-date-wrote-text\"> a \u00e9crit le<\/span><span class=\"gb-date-text\"> 01\/05\/2024<\/span>\n\t\t\t\t\t\t\t<\/span><span class=\"gb-time\">\n\t\t\t\t\t\t\t\t\t<span class=\"gb-time-at-text\"> \u00e0<\/span>\n\t\t\t\t\t\t\t\t\t<span class=\"gb-time-text\"> 21h49<\/span>\n\t\t\t\t\t\t\t\t<\/span>\n\t\t\t\t\t\t<\/span> \n\t\t\t\t\t<\/div>\n\t\t\t\t\t<div class=\"gb-entry-content\">C&#039;est toujours un plaisir de venir \u00e0 la bulle nomade. J&#039;ai beaucoup appr\u00e9ci\u00e9 les soins propos\u00e9s par Florence qui est toujours \u00e0 l&#039;\u00e9coute. Que ce soit les massages aux bols, massage kansu des pieds, voyage sonore, tous ces soins sont ressour\u00e7ant. Ma fille a m\u00eame eu le plaisir de f\u00eater son anniversaire avec l&#039;atelier de Florence o\u00f9 chaque enfant a pu tester les bols et ce fut un moment de plaisir pour tous.\n\t\t\t\t\t<\/div>\n\t\t\t\t<\/article>\n\t\t\t<\/div>\n\t\t\t<div class=\"gb-entry gb-entry_11 gb-entry-count_3 gwolle_gb_uneven gwolle-gb-uneven\" data-entry_id=\"11\">\n\t\t\t\t<article>\n\t\t\t\t\t<div class=\"gb-author-info\">\n\t\t\t\t\t\t<span class=\"gb-author-avatar\"><img referrerpolicy=\"no-referrer\" alt='Alida' src='https:\/\/secure.gravatar.com\/avatar\/7693dbd1e66d1a5e65aa32d7690fb6d76bb1a23ee4a07c4db9f24af3f150e6d0?s=32&#038;d=mm&#038;r=g' srcset='https:\/\/secure.gravatar.com\/avatar\/7693dbd1e66d1a5e65aa32d7690fb6d76bb1a23ee4a07c4db9f24af3f150e6d0?s=64&#038;d=mm&#038;r=g 2x' class='avatar avatar-32 photo' height='32' width='32' \/><\/span>\n\t\t\t\t\t\t<span class=\"gb-author-name\">Alida\n\t\t\t\t\t\t<\/span>\n\t\t\t\t\t\t<span class=\"gb-datetime\">\n\t\t\t\t\t\t\t<span class=\"gb-date\"><span class=\"gb-date-wrote-text\"> a \u00e9crit le<\/span><span class=\"gb-date-text\"> 01\/05\/2024<\/span>\n\t\t\t\t\t\t\t<\/span><span class=\"gb-time\">\n\t\t\t\t\t\t\t\t\t<span class=\"gb-time-at-text\"> \u00e0<\/span>\n\t\t\t\t\t\t\t\t\t<span class=\"gb-time-text\"> 16h18<\/span>\n\t\t\t\t\t\t\t\t<\/span>\n\t\t\t\t\t\t<\/span> \n\t\t\t\t\t<\/div>\n\t\t\t\t\t<div class=\"gb-entry-content\">Un rendez-vous avec soi m\u00eame, un cocon, une bulle \ud83e\udee7 un espace de bien-\u00eatre. \r\nCes soins ressourcent, apaisent et lib\u00e8rent les tensions. Vous ne connaissez s\u00fbrement pas, je vous invite \u00e0 prendre rendez-vous. \r\nUn instrument, un soin, un massage Florence s\u2019adapte aux besoins du moment, car chaque instant est diff\u00e9rent et unique. Si tu as lu jusqu\u2019ici il te suffit de lui laissez un message.\n\t\t\t\t\t<\/div>\n\t\t\t\t<\/article>\n\t\t\t<\/div>\n\t\t\t<div class=\"gb-entry gb-entry_10 gb-entry-count_4 gwolle_gb_even gwolle-gb-even\" data-entry_id=\"10\">\n\t\t\t\t<article>\n\t\t\t\t\t<div class=\"gb-author-info\">\n\t\t\t\t\t\t<span class=\"gb-author-avatar\"><img referrerpolicy=\"no-referrer\" alt='Paulet Ada' src='https:\/\/secure.gravatar.com\/avatar\/ede01a00588c986546c65548251810a01e77753c367aaa5c7fc51e1665f2946a?s=32&#038;d=mm&#038;r=g' srcset='https:\/\/secure.gravatar.com\/avatar\/ede01a00588c986546c65548251810a01e77753c367aaa5c7fc51e1665f2946a?s=64&#038;d=mm&#038;r=g 2x' class='avatar avatar-32 photo' height='32' width='32' \/><\/span>\n\t\t\t\t\t\t<span class=\"gb-author-name\">Paulet Ada\n\t\t\t\t\t\t<\/span>\n\t\t\t\t\t\t<span class=\"gb-author-origin\">\n\t\t\t\t\t\t\t<span class=\"gb-author-origin-from-text\"> de<\/span>\n\t\t\t\t\t\t\t<span class=\"gb-author-origin-text\"> St-Imier<\/span>\n\t\t\t\t\t\t<\/span>\n\t\t\t\t\t\t<span class=\"gb-datetime\">\n\t\t\t\t\t\t\t<span class=\"gb-date\"><span class=\"gb-date-wrote-text\"> a \u00e9crit le<\/span><span class=\"gb-date-text\"> 01\/05\/2024<\/span>\n\t\t\t\t\t\t\t<\/span><span class=\"gb-time\">\n\t\t\t\t\t\t\t\t\t<span class=\"gb-time-at-text\"> \u00e0<\/span>\n\t\t\t\t\t\t\t\t\t<span class=\"gb-time-text\"> 10h51<\/span>\n\t\t\t\t\t\t\t\t<\/span>\n\t\t\t\t\t\t<\/span> \n\t\t\t\t\t<\/div>\n\t\t\t\t\t<div class=\"gb-entry-content\">Pas de croyances, seulement se laisser aller afin de trouver la paix et la s\u00e9r\u00e9nit\u00e9. \r\nFlo avec ses bols et sa douceur, nous connecte \u00e0 la force universelle qui nous permet de l\u00e2cher prise ainsi que retrouver la sant\u00e9 spirituelle et physique en se d\u00e9barrassant de tout ce qui nous opprime le coeur. \r\nMerci Flo pour ton aide dans ce monde d\u00e9j\u00e0 assez compliqu\u00e9 . \u2764\ufe0f\n\t\t\t\t\t<\/div>\n\t\t\t\t<\/article>\n\t\t\t<\/div>\n\t\t\t<div class=\"gb-entry gb-entry_9 gb-entry-count_5 gwolle_gb_uneven gwolle-gb-uneven\" data-entry_id=\"9\">\n\t\t\t\t<article>\n\t\t\t\t\t<div class=\"gb-author-info\">\n\t\t\t\t\t\t<span class=\"gb-author-avatar\"><img referrerpolicy=\"no-referrer\" alt='Margret' src='https:\/\/secure.gravatar.com\/avatar\/d3992fb5ac8a8a421976689083530f601a2b835353027087f2c5a29eb5a25165?s=32&#038;d=mm&#038;r=g' srcset='https:\/\/secure.gravatar.com\/avatar\/d3992fb5ac8a8a421976689083530f601a2b835353027087f2c5a29eb5a25165?s=64&#038;d=mm&#038;r=g 2x' class='avatar avatar-32 photo' height='32' width='32' \/><\/span>\n\t\t\t\t\t\t<span class=\"gb-author-name\">Margret\n\t\t\t\t\t\t<\/span>\n\t\t\t\t\t\t<span class=\"gb-datetime\">\n\t\t\t\t\t\t\t<span class=\"gb-date\"><span class=\"gb-date-wrote-text\"> a \u00e9crit le<\/span><span class=\"gb-date-text\"> 01\/05\/2024<\/span>\n\t\t\t\t\t\t\t<\/span><span class=\"gb-time\">\n\t\t\t\t\t\t\t\t\t<span class=\"gb-time-at-text\"> \u00e0<\/span>\n\t\t\t\t\t\t\t\t\t<span class=\"gb-time-text\"> 8h17<\/span>\n\t\t\t\t\t\t\t\t<\/span>\n\t\t\t\t\t\t<\/span> \n\t\t\t\t\t<\/div>\n\t\t\t\t\t<div class=\"gb-entry-content\">Moi j&#039;ai eu le privil\u00e8ge d&#039;un soin aux bols chantants sur l&#039;eau. Un pur moment de bonheur en pleine nature. Merci Florence c&#039;\u00e9tait magique.\n\t\t\t\t\t<\/div>\n\t\t\t\t<\/article>\n\t\t\t<\/div>\n\t\t\t<div class=\"gb-entry gb-entry_8 gb-entry-count_6 gwolle_gb_even gwolle-gb-even\" data-entry_id=\"8\">\n\t\t\t\t<article>\n\t\t\t\t\t<div class=\"gb-author-info\">\n\t\t\t\t\t\t<span class=\"gb-author-avatar\"><img referrerpolicy=\"no-referrer\" alt='Ludivine' src='https:\/\/secure.gravatar.com\/avatar\/bbe15ea04202851732ae9dac14db0cc13ec509f098d2e3b857b4a6647546789d?s=32&#038;d=mm&#038;r=g' srcset='https:\/\/secure.gravatar.com\/avatar\/bbe15ea04202851732ae9dac14db0cc13ec509f098d2e3b857b4a6647546789d?s=64&#038;d=mm&#038;r=g 2x' class='avatar avatar-32 photo' height='32' width='32' \/><\/span>\n\t\t\t\t\t\t<span class=\"gb-author-name\">Ludivine\n\t\t\t\t\t\t<\/span>\n\t\t\t\t\t\t<span class=\"gb-datetime\">\n\t\t\t\t\t\t\t<span class=\"gb-date\"><span class=\"gb-date-wrote-text\"> a \u00e9crit le<\/span><span class=\"gb-date-text\"> 01\/05\/2024<\/span>\n\t\t\t\t\t\t\t<\/span><span class=\"gb-time\">\n\t\t\t\t\t\t\t\t\t<span class=\"gb-time-at-text\"> \u00e0<\/span>\n\t\t\t\t\t\t\t\t\t<span class=\"gb-time-text\"> 0h02<\/span>\n\t\t\t\t\t\t\t\t<\/span>\n\t\t\t\t\t\t<\/span> \n\t\t\t\t\t<\/div>\n\t\t\t\t\t<div class=\"gb-entry-content\">Que cela soit pour debloquer une tension, aider au r\u00e9tablissement ou me d\u00e9tendre, Florence trouve toujours le ou les soins qui r\u00e9pond\/ent \u00e0 mes besoins du moment. Et tout \u00e7a dans sa merveilleuse bulle remplie de douceur et d&#039;empathie.\r\nOffrez-vous un moment rien que pour vous accompagn\u00e9 par une f\u00e9e. Merci Florence!\n\t\t\t\t\t<\/div>\n\t\t\t\t<\/article>\n\t\t\t<\/div>\n\t\t\t<div class=\"gb-entry gb-entry_7 gb-entry-count_7 gwolle_gb_uneven gwolle-gb-uneven\" data-entry_id=\"7\">\n\t\t\t\t<article>\n\t\t\t\t\t<div class=\"gb-author-info\">\n\t\t\t\t\t\t<span class=\"gb-author-avatar\"><img referrerpolicy=\"no-referrer\" alt='Vaness&#039;' src='https:\/\/secure.gravatar.com\/avatar\/9617ac69830c947541c15f5dadf168d76f60682b916780dd0e1f3b73e401acc2?s=32&#038;d=mm&#038;r=g' srcset='https:\/\/secure.gravatar.com\/avatar\/9617ac69830c947541c15f5dadf168d76f60682b916780dd0e1f3b73e401acc2?s=64&#038;d=mm&#038;r=g 2x' class='avatar avatar-32 photo' height='32' width='32' \/><\/span>\n\t\t\t\t\t\t<span class=\"gb-author-name\">Vaness&#39;\n\t\t\t\t\t\t<\/span>\n\t\t\t\t\t\t<span class=\"gb-datetime\">\n\t\t\t\t\t\t\t<span class=\"gb-date\"><span class=\"gb-date-wrote-text\"> a \u00e9crit le<\/span><span class=\"gb-date-text\"> 30\/04\/2024<\/span>\n\t\t\t\t\t\t\t<\/span><span class=\"gb-time\">\n\t\t\t\t\t\t\t\t\t<span class=\"gb-time-at-text\"> \u00e0<\/span>\n\t\t\t\t\t\t\t\t\t<span class=\"gb-time-text\"> 22h33<\/span>\n\t\t\t\t\t\t\t\t<\/span>\n\t\t\t\t\t\t<\/span> \n\t\t\t\t\t<\/div>\n\t\t\t\t\t<div class=\"gb-entry-content\">La bulle nomade est un espace hors du temps, o\u00f9 l&#039;on peut m\u00e9diter, se retrouver, se ressourcer. Un soin aux bols me permet de l\u00e2cher prise, de me recentrer et m&#039;offre une parenth\u00e8se dans ce quotidien si rapide, parfois stressant. Lors d&#039;un soin, Flo jouent des bols qui nous correspondent, dont on a besoin. Il suffit simplement de se laisse porter par leurs sons magiques et gu\u00e9risseurs. Les enfants y sont \u00e9galement tr\u00e8s r\u00e9ceptifs, pour un d\u00e9blocage, un apaisement, ils sont radicals. Merci Flo!!!\n\t\t\t\t\t<\/div>\n\t\t\t\t<\/article>\n\t\t\t<\/div>\n\t\t\t<div class=\"gb-entry gb-entry_6 gb-entry-count_8 gwolle_gb_even gwolle-gb-even\" data-entry_id=\"6\">\n\t\t\t\t<article>\n\t\t\t\t\t<div class=\"gb-author-info\">\n\t\t\t\t\t\t<span class=\"gb-author-avatar\"><img referrerpolicy=\"no-referrer\" alt='Alice Jolidon' src='https:\/\/secure.gravatar.com\/avatar\/3eee696f5ea415bf2f9b84903518be72c7294c1a2f0ad93a755c7955e8a4f12d?s=32&#038;d=mm&#038;r=g' srcset='https:\/\/secure.gravatar.com\/avatar\/3eee696f5ea415bf2f9b84903518be72c7294c1a2f0ad93a755c7955e8a4f12d?s=64&#038;d=mm&#038;r=g 2x' class='avatar avatar-32 photo' height='32' width='32' \/><\/span>\n\t\t\t\t\t\t<span class=\"gb-author-name\">Alice Jolidon\n\t\t\t\t\t\t<\/span>\n\t\t\t\t\t\t<span class=\"gb-author-origin\">\n\t\t\t\t\t\t\t<span class=\"gb-author-origin-from-text\"> de<\/span>\n\t\t\t\t\t\t\t<span class=\"gb-author-origin-text\"> B\u00e9vilard<\/span>\n\t\t\t\t\t\t<\/span>\n\t\t\t\t\t\t<span class=\"gb-datetime\">\n\t\t\t\t\t\t\t<span class=\"gb-date\"><span class=\"gb-date-wrote-text\"> a \u00e9crit le<\/span><span class=\"gb-date-text\"> 30\/04\/2024<\/span>\n\t\t\t\t\t\t\t<\/span><span class=\"gb-time\">\n\t\t\t\t\t\t\t\t\t<span class=\"gb-time-at-text\"> \u00e0<\/span>\n\t\t\t\t\t\t\t\t\t<span class=\"gb-time-text\"> 21h18<\/span>\n\t\t\t\t\t\t\t\t<\/span>\n\t\t\t\t\t\t<\/span> \n\t\t\t\t\t<\/div>\n\t\t\t\t\t<div class=\"gb-entry-content\">Je connais Florence et ses bols depuis plus de 4 ans maintenant. \r\nA chaque fois une recr\u00e9ation... \r\nLors de mon dernier soins dans la bulle j \u00e9tais coinc\u00e9e au niveau de la nuque. J&#039;ai senti un gros blocage au niveau de ma glande thyro\u00efde pendant le d\u00e9but du message jusqu;\u00e0 de que \u00e7a passe enfin. C \u00e9tait finalement, et certainement ce que je n osais pas dire, qui devenait trop lourd pour moi.. en bref, vous n avez pas besoin de croire en quoi que ce soit pour que les miracles de Florence interviennent dans votre corps. \r\nC est une petite f\u00e9e.\n\t\t\t\t\t<\/div>\n\t\t\t\t<\/article>\n\t\t\t<\/div>\n\t\t\t<div class=\"gb-entry gb-entry_5 gb-entry-count_9 gwolle_gb_uneven gwolle-gb-uneven\" data-entry_id=\"5\">\n\t\t\t\t<article>\n\t\t\t\t\t<div class=\"gb-author-info\">\n\t\t\t\t\t\t<span class=\"gb-author-avatar\"><img referrerpolicy=\"no-referrer\" alt='Audrey P.' src='https:\/\/secure.gravatar.com\/avatar\/3a716ea5e0c9b0d617183a9eceb6c1021334b374cda4906473615749bc8b40f5?s=32&#038;d=mm&#038;r=g' srcset='https:\/\/secure.gravatar.com\/avatar\/3a716ea5e0c9b0d617183a9eceb6c1021334b374cda4906473615749bc8b40f5?s=64&#038;d=mm&#038;r=g 2x' class='avatar avatar-32 photo' height='32' width='32' \/><\/span>\n\t\t\t\t\t\t<span class=\"gb-author-name\">Audrey P.\n\t\t\t\t\t\t<\/span>\n\t\t\t\t\t\t<span class=\"gb-author-origin\">\n\t\t\t\t\t\t\t<span class=\"gb-author-origin-from-text\"> de<\/span>\n\t\t\t\t\t\t\t<span class=\"gb-author-origin-text\"> courtelary<\/span>\n\t\t\t\t\t\t<\/span>\n\t\t\t\t\t\t<span class=\"gb-datetime\">\n\t\t\t\t\t\t\t<span class=\"gb-date\"><span class=\"gb-date-wrote-text\"> a \u00e9crit le<\/span><span class=\"gb-date-text\"> 30\/04\/2024<\/span>\n\t\t\t\t\t\t\t<\/span><span class=\"gb-time\">\n\t\t\t\t\t\t\t\t\t<span class=\"gb-time-at-text\"> \u00e0<\/span>\n\t\t\t\t\t\t\t\t\t<span class=\"gb-time-text\"> 16h58<\/span>\n\t\t\t\t\t\t\t\t<\/span>\n\t\t\t\t\t\t<\/span> \n\t\t\t\t\t<\/div>\n\t\t\t\t\t<div class=\"gb-entry-content\">J ai eu plaisir \u00e0 profiter de plusieurs s\u00e9ances de bols chantants, massages et pierre chaude. Un r\u00e9el moment de d\u00e9tente. Florence sait se montrer \u00e0 l \u00e9coute et discret pendant les temps de relaxation et massage.\r\nJe recommande sans h\u00e9siter de faire sa rencontre et faire l exp\u00e9rience d un moment de relaxation. Merci Florence.\n\t\t\t\t\t<\/div>\n\t\t\t\t<\/article>\n\t\t\t<\/div>\n\t\t\t<div class=\"gb-entry gb-entry_4 gb-entry-count_10 gwolle_gb_even gwolle-gb-even\" data-entry_id=\"4\">\n\t\t\t\t<article>\n\t\t\t\t\t<div class=\"gb-author-info\">\n\t\t\t\t\t\t<span class=\"gb-author-avatar\"><img referrerpolicy=\"no-referrer\" alt='Gigandet Barbara' src='https:\/\/secure.gravatar.com\/avatar\/a8dc7cfa89ab2123a3a3efc161b0afd177564cb0e0e35cff551d20ab661bbfda?s=32&#038;d=mm&#038;r=g' srcset='https:\/\/secure.gravatar.com\/avatar\/a8dc7cfa89ab2123a3a3efc161b0afd177564cb0e0e35cff551d20ab661bbfda?s=64&#038;d=mm&#038;r=g 2x' class='avatar avatar-32 photo' height='32' width='32' \/><\/span>\n\t\t\t\t\t\t<span class=\"gb-author-name\">Gigandet Barbara\n\t\t\t\t\t\t<\/span>\n\t\t\t\t\t\t<span class=\"gb-author-origin\">\n\t\t\t\t\t\t\t<span class=\"gb-author-origin-from-text\"> de<\/span>\n\t\t\t\t\t\t\t<span class=\"gb-author-origin-text\"> 2616 Renan<\/span>\n\t\t\t\t\t\t<\/span>\n\t\t\t\t\t\t<span class=\"gb-datetime\">\n\t\t\t\t\t\t\t<span class=\"gb-date\"><span class=\"gb-date-wrote-text\"> a \u00e9crit le<\/span><span class=\"gb-date-text\"> 30\/04\/2024<\/span>\n\t\t\t\t\t\t\t<\/span><span class=\"gb-time\">\n\t\t\t\t\t\t\t\t\t<span class=\"gb-time-at-text\"> \u00e0<\/span>\n\t\t\t\t\t\t\t\t\t<span class=\"gb-time-text\"> 16h42<\/span>\n\t\t\t\t\t\t\t\t<\/span>\n\t\t\t\t\t\t<\/span> \n\t\t\t\t\t<\/div>\n\t\t\t\t\t<div class=\"gb-entry-content\">Passer entre les mains de Florence est pur un moment de d\u00e9tente \u00e0 chaque fois. Son savoir faire et son intuition  fait le reste. Que ce soit en massage ou en bain sonore. Merci \u00e0 toi d \u00eatre l\u00e0. \ud83d\ude0a\ud83d\ude0d\n\t\t\t\t\t<\/div>\n\t\t\t\t<\/article>\n\t\t\t<\/div>\n\t\t\t<div class=\"gb-entry gb-entry_3 gb-entry-count_11 gwolle_gb_uneven gwolle-gb-uneven\" data-entry_id=\"3\">\n\t\t\t\t<article>\n\t\t\t\t\t<div class=\"gb-author-info\">\n\t\t\t\t\t\t<span class=\"gb-author-avatar\"><img referrerpolicy=\"no-referrer\" alt='Thibaut Cudr\u00e9-Mauroux' src='https:\/\/secure.gravatar.com\/avatar\/37b6c45eaaeb8e3360b68f35ebcf0d4498c6209ef81f0126615c25a2ba40270a?s=32&#038;d=mm&#038;r=g' srcset='https:\/\/secure.gravatar.com\/avatar\/37b6c45eaaeb8e3360b68f35ebcf0d4498c6209ef81f0126615c25a2ba40270a?s=64&#038;d=mm&#038;r=g 2x' class='avatar avatar-32 photo' height='32' width='32' \/><\/span>\n\t\t\t\t\t\t<span class=\"gb-author-name\">Thibaut Cudr\u00e9-Mauroux\n\t\t\t\t\t\t<\/span>\n\t\t\t\t\t\t<span class=\"gb-author-origin\">\n\t\t\t\t\t\t\t<span class=\"gb-author-origin-from-text\"> de<\/span>\n\t\t\t\t\t\t\t<span class=\"gb-author-origin-text\"> Villeret<\/span>\n\t\t\t\t\t\t<\/span>\n\t\t\t\t\t\t<span class=\"gb-datetime\">\n\t\t\t\t\t\t\t<span class=\"gb-date\"><span class=\"gb-date-wrote-text\"> a \u00e9crit le<\/span><span class=\"gb-date-text\"> 30\/04\/2024<\/span>\n\t\t\t\t\t\t\t<\/span><span class=\"gb-time\">\n\t\t\t\t\t\t\t\t\t<span class=\"gb-time-at-text\"> \u00e0<\/span>\n\t\t\t\t\t\t\t\t\t<span class=\"gb-time-text\"> 16h40<\/span>\n\t\t\t\t\t\t\t\t<\/span>\n\t\t\t\t\t\t<\/span> \n\t\t\t\t\t<\/div>\n\t\t\t\t\t<div class=\"gb-entry-content\">Des moments qui font beaucoup de bien! On se pose, on respire et on exprime ce qu on a sur le c\u0153ur (en s\u00e9ance individuelle). Flo est l\u00e0 pour nous \u00e9couter, et les conseils sur les \u00e9nergies sont souvent prolifiques! Ensuite on est baign\u00e9 dans de belles ondes gr\u00e2ce aux bols ou aux divers instruments qui r\u00e9veillent parfois des larmes bien cach\u00e9es qui ne sortiraient pas comme \u00e7a. Ces petites s\u00e9ances font toujours trop plaisir et nous apportent un beau nuage sur lequel flotter pendant quelques jours, cela nous permet de remonter notre taux vibratoire pour mieux rayonner au quotidien. \ud83c\udf1e\n\t\t\t\t\t<\/div>\n\t\t\t\t<\/article>\n\t\t\t<\/div>\n\t\t\t<\/div><\/div>\n","protected":false},"excerpt":{"rendered":"","protected":false},"author":1,"featured_media":0,"parent":0,"menu_order":0,"comment_status":"closed","ping_status":"closed","template":"","meta":{"_kad_post_transparent":"","_kad_post_title":"","_kad_post_layout":"","_kad_post_sidebar_id":"","_kad_post_content_style":"","_kad_post_vertical_padding":"","_kad_post_feature":"","_kad_post_feature_position":"","_kad_post_header":false,"_kad_post_footer":false,"footnotes":""},"class_list":["post-164","page","type-page","status-publish","hentry"],"_links":{"self":[{"href":"https:\/\/labullenomade.ch\/index.php\/wp-json\/wp\/v2\/pages\/164","targetHints":{"allow":["GET"]}}],"collection":[{"href":"https:\/\/labullenomade.ch\/index.php\/wp-json\/wp\/v2\/pages"}],"about":[{"href":"https:\/\/labullenomade.ch\/index.php\/wp-json\/wp\/v2\/types\/page"}],"author":[{"embeddable":true,"href":"https:\/\/labullenomade.ch\/index.php\/wp-json\/wp\/v2\/users\/1"}],"replies":[{"embeddable":true,"href":"https:\/\/labullenomade.ch\/index.php\/wp-json\/wp\/v2\/comments?post=164"}],"version-history":[{"count":1,"href":"https:\/\/labullenomade.ch\/index.php\/wp-json\/wp\/v2\/pages\/164\/revisions"}],"predecessor-version":[{"id":165,"href":"https:\/\/labullenomade.ch\/index.php\/wp-json\/wp\/v2\/pages\/164\/revisions\/165"}],"wp:attachment":[{"href":"https:\/\/labullenomade.ch\/index.php\/wp-json\/wp\/v2\/media?parent=164"}],"curies":[{"name":"wp","href":"https:\/\/api.w.org\/{rel}","templated":true}]}}