{"id":55,"date":"2023-10-27T14:16:46","date_gmt":"2023-10-27T12:16:46","guid":{"rendered":"https:\/\/labullenomade.ch\/?page_id=55"},"modified":"2023-11-04T09:54:01","modified_gmt":"2023-11-04T08:54:01","slug":"prestations-de-la-bulle-nomade","status":"publish","type":"page","link":"https:\/\/labullenomade.ch\/index.php\/prestations-de-la-bulle-nomade\/","title":{"rendered":"La Bulle Nomade : le concept"},"content":{"rendered":"\n<p>J\u2019ai am\u00e9nag\u00e9 une caravane avec tout le confort d\u2019un cabinet classique, ou vous pourrez b\u00e9n\u00e9ficier de mes soins en vous mettant dans une bulle de tranquillit\u00e9 et de s\u00e9curit\u00e9. Equip\u00e9e d\u2019un panneau solaire, elle est autonome en \u00e9lectricit\u00e9, eau et chauffage et n\u2019a besoin d\u2019aucun branchement pour fonctionner. Vous y trouverez \u00e9galement des toilettes s\u00e8ches.<\/p>\n\n\n\n<figure class=\"wp-block-image size-large\"><img fetchpriority=\"high\" decoding=\"async\" width=\"1024\" height=\"768\" src=\"https:\/\/labullenomade.ch\/wp-content\/uploads\/2023\/10\/IMG_5760-1024x768.jpg\" alt=\"\" class=\"wp-image-75\" srcset=\"https:\/\/labullenomade.ch\/wp-content\/uploads\/2023\/10\/IMG_5760-1024x768.jpg 1024w, https:\/\/labullenomade.ch\/wp-content\/uploads\/2023\/10\/IMG_5760-300x225.jpg 300w, https:\/\/labullenomade.ch\/wp-content\/uploads\/2023\/10\/IMG_5760-768x576.jpg 768w, https:\/\/labullenomade.ch\/wp-content\/uploads\/2023\/10\/IMG_5760-1536x1152.jpg 1536w, https:\/\/labullenomade.ch\/wp-content\/uploads\/2023\/10\/IMG_5760-2048x1536.jpg 2048w, https:\/\/labullenomade.ch\/wp-content\/uploads\/2023\/10\/IMG_5760-900x675.jpg 900w, https:\/\/labullenomade.ch\/wp-content\/uploads\/2023\/10\/IMG_5760-1280x960.jpg 1280w\" sizes=\"(max-width: 1024px) 100vw, 1024px\" \/><\/figure>\n\n\n\n<p>J&rsquo;ai choisi de pratiquer au sol, et non sur table de massage.  En effet, la table de massage peut \u00eatre parfois \u00ab\u00a0probl\u00e9matique\u00a0\u00bb pour les enfants, les personnes en surpoids, les femmes enceintes&#8230;. <\/p>\n\n\n\n<p>Vous serez donc allong\u00e9 sur un futon de massage sp\u00e9cialement adapt\u00e9 afin de profiter de plus de bien-\u00eatre, de confort, de s\u00e9curit\u00e9 dans vos mouvements et vous permettre de vous sentir en totale relaxation. Et les parents peuvent aussi rester proches de leur enfant (et m\u00eame tester avec eux).<\/p>\n\n\n\n<p>Le massage sur futon permet \u00e9galement de pouvoir profiter des bienfaits des bols non seulement pos\u00e9s sur vous mais aussi autour de vous, ce qui vous permettra de b\u00e9n\u00e9ficier d&rsquo;un voyage sonore plus complet que sur table de massage.<\/p>\n\n\n\n<figure class=\"wp-block-image size-full\"><img decoding=\"async\" width=\"1024\" height=\"768\" src=\"https:\/\/labullenomade.ch\/wp-content\/uploads\/2023\/10\/soin-bols-nouvelle-bulle-1.jpg\" alt=\"\" class=\"wp-image-61\" srcset=\"https:\/\/labullenomade.ch\/wp-content\/uploads\/2023\/10\/soin-bols-nouvelle-bulle-1.jpg 1024w, https:\/\/labullenomade.ch\/wp-content\/uploads\/2023\/10\/soin-bols-nouvelle-bulle-1-300x225.jpg 300w, https:\/\/labullenomade.ch\/wp-content\/uploads\/2023\/10\/soin-bols-nouvelle-bulle-1-768x576.jpg 768w, https:\/\/labullenomade.ch\/wp-content\/uploads\/2023\/10\/soin-bols-nouvelle-bulle-1-900x675.jpg 900w\" sizes=\"(max-width: 1024px) 100vw, 1024px\" \/><\/figure>\n\n\n\n<p>J&rsquo;utilise en fonction de chaque soin les \u00ab\u00a0outils\u00a0\u00bb afin d&rsquo;offrir \u00e0 chacun un soin unique selon ses envies\/besoins : bols chantants, huiles de massage, huiles essentielles, instruments de relaxation, techniques de lib\u00e9ration de blocages ou de relaxation&#8230;.<\/p>\n\n\n\n<p>Vous trouverez ici une liste indicative de mes prestations :<\/p>\n\n\n\n<figure class=\"wp-block-gallery has-nested-images columns-default is-cropped wp-block-gallery-1 is-layout-flex wp-block-gallery-is-layout-flex\">\n<figure class=\"wp-block-image size-large\"><img decoding=\"async\" width=\"1024\" height=\"725\" data-id=\"64\" src=\"https:\/\/labullenomade.ch\/wp-content\/uploads\/2023\/10\/Prestations-pdf-1024x725.jpg\" alt=\"\" class=\"wp-image-64\"\/><\/figure>\n<\/figure>\n\n\n\n<p><\/p>\n\n\n\n<p>Concernant les tarifs, je propose une s\u00e9ance d\u00e9couverte de <strong>40&prime; pour 60.-<\/strong>. Par la suite, chaque prestation co\u00fbte <strong>85.- pour 1h<\/strong>, sauf pour les soins plus courts, le massage aux pierres chaudes (110.- pour 1h30) et les soins enfants (30.-).<\/p>\n\n\n\n<p>Je souhaite rester accessible \u00e0 tout un chacun, aussi n&rsquo;h\u00e9sitez pas \u00e0 me faire part d&rsquo;\u00e9ventuelles difficult\u00e9s financi\u00e8res.<\/p>\n\n\n\n<p>Il est possible de r\u00e9gler une partie des s\u00e9ances en <strong>bosons<\/strong> (monnaie virtuelle du Sel de la Suze &#8211; Syst\u00e8me d&rsquo;Echanges Local).<\/p>\n\n\n\n<figure class=\"wp-block-image size-large is-resized\"><img loading=\"lazy\" decoding=\"async\" width=\"1024\" height=\"768\" src=\"https:\/\/labullenomade.ch\/wp-content\/uploads\/2023\/10\/bols-nouvelle-bulle-1024x768.jpg\" alt=\"\" class=\"wp-image-56\" style=\"aspect-ratio:1.3333333333333333;width:611px;height:auto\" srcset=\"https:\/\/labullenomade.ch\/wp-content\/uploads\/2023\/10\/bols-nouvelle-bulle-1024x768.jpg 1024w, https:\/\/labullenomade.ch\/wp-content\/uploads\/2023\/10\/bols-nouvelle-bulle-300x225.jpg 300w, https:\/\/labullenomade.ch\/wp-content\/uploads\/2023\/10\/bols-nouvelle-bulle-768x576.jpg 768w, https:\/\/labullenomade.ch\/wp-content\/uploads\/2023\/10\/bols-nouvelle-bulle-900x675.jpg 900w, https:\/\/labullenomade.ch\/wp-content\/uploads\/2023\/10\/bols-nouvelle-bulle.jpg 1080w\" sizes=\"(max-width: 1024px) 100vw, 1024px\" \/><\/figure>\n","protected":false},"excerpt":{"rendered":"<p>J\u2019ai am\u00e9nag\u00e9 une caravane avec tout le confort d\u2019un cabinet classique, ou vous pourrez b\u00e9n\u00e9ficier de mes soins en vous mettant dans une bulle de tranquillit\u00e9 et de s\u00e9curit\u00e9. Equip\u00e9e d\u2019un panneau solaire, elle est autonome en \u00e9lectricit\u00e9, eau et chauffage et n\u2019a besoin d\u2019aucun branchement pour fonctionner. Vous y trouverez \u00e9galement des toilettes s\u00e8ches&#8230;.<\/p>\n","protected":false},"author":2,"featured_media":0,"parent":0,"menu_order":0,"comment_status":"closed","ping_status":"closed","template":"","meta":{"_kad_post_transparent":"","_kad_post_title":"","_kad_post_layout":"","_kad_post_sidebar_id":"","_kad_post_content_style":"","_kad_post_vertical_padding":"","_kad_post_feature":"","_kad_post_feature_position":"","_kad_post_header":false,"_kad_post_footer":false,"footnotes":""},"class_list":["post-55","page","type-page","status-publish","hentry"],"_links":{"self":[{"href":"https:\/\/labullenomade.ch\/index.php\/wp-json\/wp\/v2\/pages\/55","targetHints":{"allow":["GET"]}}],"collection":[{"href":"https:\/\/labullenomade.ch\/index.php\/wp-json\/wp\/v2\/pages"}],"about":[{"href":"https:\/\/labullenomade.ch\/index.php\/wp-json\/wp\/v2\/types\/page"}],"author":[{"embeddable":true,"href":"https:\/\/labullenomade.ch\/index.php\/wp-json\/wp\/v2\/users\/2"}],"replies":[{"embeddable":true,"href":"https:\/\/labullenomade.ch\/index.php\/wp-json\/wp\/v2\/comments?post=55"}],"version-history":[{"count":6,"href":"https:\/\/labullenomade.ch\/index.php\/wp-json\/wp\/v2\/pages\/55\/revisions"}],"predecessor-version":[{"id":94,"href":"https:\/\/labullenomade.ch\/index.php\/wp-json\/wp\/v2\/pages\/55\/revisions\/94"}],"wp:attachment":[{"href":"https:\/\/labullenomade.ch\/index.php\/wp-json\/wp\/v2\/media?parent=55"}],"curies":[{"name":"wp","href":"https:\/\/api.w.org\/{rel}","templated":true}]}}